{"id":123,"date":"2020-11-29T00:31:47","date_gmt":"2020-11-28T23:31:47","guid":{"rendered":"https:\/\/www.anwaltspromot.de\/rezensionen\/?page_id=123"},"modified":"2025-12-18T09:11:34","modified_gmt":"2025-12-18T08:11:34","slug":"impressum","status":"publish","type":"page","link":"https:\/\/www.anwaltspromot.de\/buecher\/impressum\/","title":{"rendered":"Impressum"},"content":{"rendered":"<p>Die nachfolgenden Angaben gelten auch f\u00fcr sonstige Internet-Pr\u00e4senzen der anwaltsgebot.de UG (haftungsbeschr\u00e4nkt), z.B. in sozialen Netzwerken (z.B. Instagram).<\/p>\r\n\r\n<p>&nbsp;<\/p>\r\n<p><strong>Anbieter<br \/>\r\n<br \/>\r\n<\/strong><\/p>\r\n\r\n\r\n<p>von <br \/>\r\n<br \/>\r\n<span style=\"font-family: verdana, geneva, sans-serif;\"><strong><span style=\"color: #eb3434;\">an<\/span>walts<span style=\"color: #eb3434;\">promot<\/span> <\/strong>| <em><span style=\"font-family: open sans;\">Anwaltsstrategie LEGAL TECH<\/span><\/em> <br \/>\r\n<br \/>\r\nist die<br \/>\r\n<br \/>\r\n<\/span><strong>anwaltsgebot.de UG (haftungsbeschr\u00e4nkt)<\/strong><\/p>\r\n\r\n\r\n\r\n<p>Gesch\u00e4ftsf\u00fchrer: Dirk Andresen<\/p>\r\n\r\n\r\n<p>Torstra\u00dfe 97<br \/>\r\n10119 Berlin<\/p>\r\n\r\n\r\n<p><strong>E-Mail <\/strong><a href=\"mailto:info@anwaltsgebot.de\"><strong>info(at)anwaltsgebot.de<\/strong><\/a><\/p>\r\n\r\n\r\n<p><strong>Tel.<\/strong> 030 \u2013 120 824 90<\/p>\r\n\r\n\r\n<p><strong>Eingetragen im<\/strong><br \/>\r\nHandelsregister des Amtsgerichts Berlin-Charlottenburg<br \/>\r\nHRB 188479 B<br \/>\r\n<br \/>\r\n<\/p>\r\n\r\n\r\n<p><strong>Umsatzsteuer-Identifikationsnummer:\u00a0 DE313024428<br \/>\r\n<\/strong><\/p>\r\n\r\n\r\n<p>&nbsp;<\/p>\r\n\r\n\r\n<p><strong>Urheberrechte und geistiges Eigentum<\/strong><\/p>\r\n\r\n\r\n<p>Die auf dieser Website verwendeten Texte, Datenbank-Eintr\u00e4ge (einschlie\u00dflich der Datenbank als solcher), Grafiken, Fotos, Marken und Kennzeichen unterliegen dem Urheberrecht oder anderen Regeln zum Schutz des geistigen Eigentums.<\/p>\r\n\r\n\r\n<p><strong><br \/>\r\nDisclaimer<\/strong><\/p>\r\n\r\n\r\n<p>Trotz sorgf\u00e4ltiger inhaltlicher Kontrolle wird keine Haftung f\u00fcr die Inhalte externer\u00a0Websites, auf die diese Website direkt oder indirekt verweist, \u00fcbernommen.\u00a0F\u00fcr den Inhalt der verlinkten Seiten sind ausschlie\u00dflich deren Betreiber verantwortlich.<br \/>\r\n<br \/>\r\nAlle Angaben ohne Gew\u00e4hr. Ma\u00dfgeblich ist die aktuelle Sach- und Rechtslage.<\/p>\r\n\r\n<p><strong><br \/>\r\nBezeichnungen<\/strong> <br \/>\r\n<br \/>\r\nZwecks besserer Lesbarkeit wird auf eine durchg\u00e4ngige geschlechtsspezifische Differenzierung, wie z.B. \u201cRechtsanw\u00e4ltin\u201d, verzichtet. Bezeichnungen wie \u201cRechtsanwalt\u201d oder \u201cAnwalt\u201d gelten gegebenenfalls gleicherma\u00dfen f\u00fcr alle Geschlechter.<\/p>\r\n\r\n<p><br \/>\r\n<strong>Copyright<br \/>\r\n<br \/>\r\n<\/strong><strong>\u00a9 <\/strong>anwaltsgebot.de UG (haftungsbeschr\u00e4nkt)<\/p>\r\n<p>Alle Rechte vorbehalten. Vervielf\u00e4ltigung, Verbreitung oder \u00f6ffentliche Zug\u00e4nglichmachung nur mit vorheriger Zustimmung der anwaltsgebot.de UG (haftungsbeschr\u00e4nkt).<\/p>\r\n<p><strong><br \/>\r\nCMS:<\/strong> WordPress<\/p>\r\n\r\n<p>&nbsp;<\/p>\r\n<p><strong> <a href=\"index.html\">Zur\u00fcck<\/a> <\/strong><\/p>","protected":false},"excerpt":{"rendered":"<p>Die nachfolgenden Angaben gelten auch f\u00fcr sonstige Internet-Pr\u00e4senzen der anwaltsgebot.de UG (haftungsbeschr\u00e4nkt), z.B. in sozialen Netzwerken (z.B. Instagram). &nbsp; Anbieter von anwaltspromot | Anwaltsstrategie LEGAL TECH ist die anwaltsgebot.de UG (haftungsbeschr\u00e4nkt) Gesch\u00e4ftsf\u00fchrer: Dirk Andresen Torstra\u00dfe 97 10119 Berlin E-Mail info(at)anwaltsgebot.de Tel. 030 \u2013 120 824 90 Eingetragen im Handelsregister des Amtsgerichts Berlin-Charlottenburg HRB 188479 B Umsatzsteuer-Identifikationsnummer:\u00a0 DE313024428 &nbsp; Urheberrechte und geistiges Eigentum Die auf dieser Website verwendeten Texte, Datenbank-Eintr\u00e4ge (einschlie\u00dflich der Datenbank als solcher), Grafiken, Fotos, Marken und Kennzeichen unterliegen dem Urheberrecht oder anderen Regeln zum Schutz des geistigen Eigentums. Disclaimer Trotz sorgf\u00e4ltiger inhaltlicher Kontrolle wird keine Haftung f\u00fcr die Inhalte externer\u00a0Websites, auf die diese Website direkt oder indirekt verweist, \u00fcbernommen.\u00a0F\u00fcr den Inhalt der verlinkten Seiten sind ausschlie\u00dflich deren Betreiber verantwortlich. Alle Angaben ohne Gew\u00e4hr. Ma\u00dfgeblich ist die aktuelle Sach- und Rechtslage. Bezeichnungen Zwecks besserer Lesbarkeit wird auf eine durchg\u00e4ngige geschlechtsspezifische Differenzierung, wie z.B. \u201cRechtsanw\u00e4ltin\u201d, verzichtet. Bezeichnungen wie \u201cRechtsanwalt\u201d oder \u201cAnwalt\u201d gelten gegebenenfalls gleicherma\u00dfen f\u00fcr alle Geschlechter. Copyright \u00a9 anwaltsgebot.de UG (haftungsbeschr\u00e4nkt) Alle Rechte vorbehalten. Vervielf\u00e4ltigung, Verbreitung oder \u00f6ffentliche Zug\u00e4nglichmachung nur mit vorheriger Zustimmung der anwaltsgebot.de UG (haftungsbeschr\u00e4nkt). CMS: WordPress &nbsp; Zur\u00fcck<\/p>\n","protected":false},"author":1,"featured_media":0,"parent":0,"menu_order":0,"comment_status":"closed","ping_status":"closed","template":"","meta":{"footnotes":""},"class_list":["post-123","page","type-page","status-publish","hentry"],"yoast_head":"<!-- This site is optimized with the Yoast SEO plugin v24.8.1 - https:\/\/yoast.com\/wordpress\/plugins\/seo\/ -->\n<title>Impressum - B\u00fccher<\/title>\n<meta name=\"robots\" content=\"index, follow, max-snippet:-1, max-image-preview:large, max-video-preview:-1\" \/>\n<link rel=\"canonical\" href=\"https:\/\/www.anwaltspromot.de\/buecher\/impressum\/\" \/>\n<meta property=\"og:locale\" content=\"de_DE\" \/>\n<meta property=\"og:type\" content=\"article\" \/>\n<meta property=\"og:title\" content=\"Impressum - B\u00fccher\" \/>\n<meta property=\"og:description\" content=\"Die nachfolgenden Angaben gelten auch f\u00fcr sonstige Internet-Pr\u00e4senzen der anwaltsgebot.de UG (haftungsbeschr\u00e4nkt), z.B. in sozialen Netzwerken (z.B. Instagram). &nbsp; Anbieter von anwaltspromot | Anwaltsstrategie LEGAL TECH ist die anwaltsgebot.de UG (haftungsbeschr\u00e4nkt) Gesch\u00e4ftsf\u00fchrer: Dirk Andresen Torstra\u00dfe 97 10119 Berlin E-Mail info(at)anwaltsgebot.de Tel. 030 \u2013 120 824 90 Eingetragen im Handelsregister des Amtsgerichts Berlin-Charlottenburg HRB 188479 B Umsatzsteuer-Identifikationsnummer:\u00a0 DE313024428 &nbsp; Urheberrechte und geistiges Eigentum Die auf dieser Website verwendeten Texte, Datenbank-Eintr\u00e4ge (einschlie\u00dflich der Datenbank als solcher), Grafiken, Fotos, Marken und Kennzeichen unterliegen dem Urheberrecht oder anderen Regeln zum Schutz des geistigen Eigentums. Disclaimer Trotz sorgf\u00e4ltiger inhaltlicher Kontrolle wird keine Haftung f\u00fcr die Inhalte externer\u00a0Websites, auf die diese Website direkt oder indirekt verweist, \u00fcbernommen.\u00a0F\u00fcr den Inhalt der verlinkten Seiten sind ausschlie\u00dflich deren Betreiber verantwortlich. Alle Angaben ohne Gew\u00e4hr. Ma\u00dfgeblich ist die aktuelle Sach- und Rechtslage. Bezeichnungen Zwecks besserer Lesbarkeit wird auf eine durchg\u00e4ngige geschlechtsspezifische Differenzierung, wie z.B. \u201cRechtsanw\u00e4ltin\u201d, verzichtet. Bezeichnungen wie \u201cRechtsanwalt\u201d oder \u201cAnwalt\u201d gelten gegebenenfalls gleicherma\u00dfen f\u00fcr alle Geschlechter. Copyright \u00a9 anwaltsgebot.de UG (haftungsbeschr\u00e4nkt) Alle Rechte vorbehalten. Vervielf\u00e4ltigung, Verbreitung oder \u00f6ffentliche Zug\u00e4nglichmachung nur mit vorheriger Zustimmung der anwaltsgebot.de UG (haftungsbeschr\u00e4nkt). CMS: WordPress &nbsp; Zur\u00fcck\" \/>\n<meta property=\"og:url\" content=\"https:\/\/www.anwaltspromot.de\/buecher\/impressum\/\" \/>\n<meta property=\"og:site_name\" content=\"B\u00fccher\" \/>\n<meta property=\"article:modified_time\" content=\"2025-12-18T08:11:34+00:00\" \/>\n<meta name=\"twitter:card\" content=\"summary_large_image\" \/>\n<meta name=\"twitter:label1\" content=\"Gesch\u00e4tzte Lesezeit\" \/>\n\t<meta name=\"twitter:data1\" content=\"1\u00a0Minute\" \/>\n<script type=\"application\/ld+json\" class=\"yoast-schema-graph\">{\"@context\":\"https:\/\/schema.org\",\"@graph\":[{\"@type\":\"WebPage\",\"@id\":\"https:\/\/www.anwaltspromot.de\/buecher\/impressum\/\",\"url\":\"https:\/\/www.anwaltspromot.de\/buecher\/impressum\/\",\"name\":\"Impressum - B\u00fccher\",\"isPartOf\":{\"@id\":\"https:\/\/www.anwaltspromot.de\/buecher\/#website\"},\"datePublished\":\"2020-11-28T23:31:47+00:00\",\"dateModified\":\"2025-12-18T08:11:34+00:00\",\"breadcrumb\":{\"@id\":\"https:\/\/www.anwaltspromot.de\/buecher\/impressum\/#breadcrumb\"},\"inLanguage\":\"de\",\"potentialAction\":[{\"@type\":\"ReadAction\",\"target\":[\"https:\/\/www.anwaltspromot.de\/buecher\/impressum\/\"]}]},{\"@type\":\"BreadcrumbList\",\"@id\":\"https:\/\/www.anwaltspromot.de\/buecher\/impressum\/#breadcrumb\",\"itemListElement\":[{\"@type\":\"ListItem\",\"position\":1,\"name\":\"Startseite\",\"item\":\"https:\/\/www.anwaltspromot.de\/buecher\/\"},{\"@type\":\"ListItem\",\"position\":2,\"name\":\"Impressum\"}]},{\"@type\":\"WebSite\",\"@id\":\"https:\/\/www.anwaltspromot.de\/buecher\/#website\",\"url\":\"https:\/\/www.anwaltspromot.de\/buecher\/\",\"name\":\"B\u00fccher\",\"description\":\"Anwaltsstrategie LEGAL TECH\",\"publisher\":{\"@id\":\"https:\/\/www.anwaltspromot.de\/buecher\/#organization\"},\"potentialAction\":[{\"@type\":\"SearchAction\",\"target\":{\"@type\":\"EntryPoint\",\"urlTemplate\":\"https:\/\/www.anwaltspromot.de\/buecher\/?s={search_term_string}\"},\"query-input\":{\"@type\":\"PropertyValueSpecification\",\"valueRequired\":true,\"valueName\":\"search_term_string\"}}],\"inLanguage\":\"de\"},{\"@type\":\"Organization\",\"@id\":\"https:\/\/www.anwaltspromot.de\/buecher\/#organization\",\"name\":\"B\u00fccher\",\"url\":\"https:\/\/www.anwaltspromot.de\/buecher\/\",\"logo\":{\"@type\":\"ImageObject\",\"inLanguage\":\"de\",\"@id\":\"https:\/\/www.anwaltspromot.de\/buecher\/#\/schema\/logo\/image\/\",\"url\":\"https:\/\/www.anwaltspromot.de\/buecher\/wp-content\/uploads\/sites\/6\/anwaltspromot.gif\",\"contentUrl\":\"https:\/\/www.anwaltspromot.de\/buecher\/wp-content\/uploads\/sites\/6\/anwaltspromot.gif\",\"width\":300,\"height\":45,\"caption\":\"B\u00fccher\"},\"image\":{\"@id\":\"https:\/\/www.anwaltspromot.de\/buecher\/#\/schema\/logo\/image\/\"}}]}<\/script>\n<!-- \/ Yoast SEO plugin. -->","yoast_head_json":{"title":"Impressum - B\u00fccher","robots":{"index":"index","follow":"follow","max-snippet":"max-snippet:-1","max-image-preview":"max-image-preview:large","max-video-preview":"max-video-preview:-1"},"canonical":"https:\/\/www.anwaltspromot.de\/buecher\/impressum\/","og_locale":"de_DE","og_type":"article","og_title":"Impressum - B\u00fccher","og_description":"Die nachfolgenden Angaben gelten auch f\u00fcr sonstige Internet-Pr\u00e4senzen der anwaltsgebot.de UG (haftungsbeschr\u00e4nkt), z.B. in sozialen Netzwerken (z.B. Instagram). &nbsp; Anbieter von anwaltspromot | Anwaltsstrategie LEGAL TECH ist die anwaltsgebot.de UG (haftungsbeschr\u00e4nkt) Gesch\u00e4ftsf\u00fchrer: Dirk Andresen Torstra\u00dfe 97 10119 Berlin E-Mail info(at)anwaltsgebot.de Tel. 030 \u2013 120 824 90 Eingetragen im Handelsregister des Amtsgerichts Berlin-Charlottenburg HRB 188479 B Umsatzsteuer-Identifikationsnummer:\u00a0 DE313024428 &nbsp; Urheberrechte und geistiges Eigentum Die auf dieser Website verwendeten Texte, Datenbank-Eintr\u00e4ge (einschlie\u00dflich der Datenbank als solcher), Grafiken, Fotos, Marken und Kennzeichen unterliegen dem Urheberrecht oder anderen Regeln zum Schutz des geistigen Eigentums. Disclaimer Trotz sorgf\u00e4ltiger inhaltlicher Kontrolle wird keine Haftung f\u00fcr die Inhalte externer\u00a0Websites, auf die diese Website direkt oder indirekt verweist, \u00fcbernommen.\u00a0F\u00fcr den Inhalt der verlinkten Seiten sind ausschlie\u00dflich deren Betreiber verantwortlich. Alle Angaben ohne Gew\u00e4hr. Ma\u00dfgeblich ist die aktuelle Sach- und Rechtslage. Bezeichnungen Zwecks besserer Lesbarkeit wird auf eine durchg\u00e4ngige geschlechtsspezifische Differenzierung, wie z.B. \u201cRechtsanw\u00e4ltin\u201d, verzichtet. Bezeichnungen wie \u201cRechtsanwalt\u201d oder \u201cAnwalt\u201d gelten gegebenenfalls gleicherma\u00dfen f\u00fcr alle Geschlechter. Copyright \u00a9 anwaltsgebot.de UG (haftungsbeschr\u00e4nkt) Alle Rechte vorbehalten. Vervielf\u00e4ltigung, Verbreitung oder \u00f6ffentliche Zug\u00e4nglichmachung nur mit vorheriger Zustimmung der anwaltsgebot.de UG (haftungsbeschr\u00e4nkt). CMS: WordPress &nbsp; Zur\u00fcck","og_url":"https:\/\/www.anwaltspromot.de\/buecher\/impressum\/","og_site_name":"B\u00fccher","article_modified_time":"2025-12-18T08:11:34+00:00","twitter_card":"summary_large_image","twitter_misc":{"Gesch\u00e4tzte Lesezeit":"1\u00a0Minute"},"schema":{"@context":"https:\/\/schema.org","@graph":[{"@type":"WebPage","@id":"https:\/\/www.anwaltspromot.de\/buecher\/impressum\/","url":"https:\/\/www.anwaltspromot.de\/buecher\/impressum\/","name":"Impressum - B\u00fccher","isPartOf":{"@id":"https:\/\/www.anwaltspromot.de\/buecher\/#website"},"datePublished":"2020-11-28T23:31:47+00:00","dateModified":"2025-12-18T08:11:34+00:00","breadcrumb":{"@id":"https:\/\/www.anwaltspromot.de\/buecher\/impressum\/#breadcrumb"},"inLanguage":"de","potentialAction":[{"@type":"ReadAction","target":["https:\/\/www.anwaltspromot.de\/buecher\/impressum\/"]}]},{"@type":"BreadcrumbList","@id":"https:\/\/www.anwaltspromot.de\/buecher\/impressum\/#breadcrumb","itemListElement":[{"@type":"ListItem","position":1,"name":"Startseite","item":"https:\/\/www.anwaltspromot.de\/buecher\/"},{"@type":"ListItem","position":2,"name":"Impressum"}]},{"@type":"WebSite","@id":"https:\/\/www.anwaltspromot.de\/buecher\/#website","url":"https:\/\/www.anwaltspromot.de\/buecher\/","name":"B\u00fccher","description":"Anwaltsstrategie LEGAL TECH","publisher":{"@id":"https:\/\/www.anwaltspromot.de\/buecher\/#organization"},"potentialAction":[{"@type":"SearchAction","target":{"@type":"EntryPoint","urlTemplate":"https:\/\/www.anwaltspromot.de\/buecher\/?s={search_term_string}"},"query-input":{"@type":"PropertyValueSpecification","valueRequired":true,"valueName":"search_term_string"}}],"inLanguage":"de"},{"@type":"Organization","@id":"https:\/\/www.anwaltspromot.de\/buecher\/#organization","name":"B\u00fccher","url":"https:\/\/www.anwaltspromot.de\/buecher\/","logo":{"@type":"ImageObject","inLanguage":"de","@id":"https:\/\/www.anwaltspromot.de\/buecher\/#\/schema\/logo\/image\/","url":"https:\/\/www.anwaltspromot.de\/buecher\/wp-content\/uploads\/sites\/6\/anwaltspromot.gif","contentUrl":"https:\/\/www.anwaltspromot.de\/buecher\/wp-content\/uploads\/sites\/6\/anwaltspromot.gif","width":300,"height":45,"caption":"B\u00fccher"},"image":{"@id":"https:\/\/www.anwaltspromot.de\/buecher\/#\/schema\/logo\/image\/"}}]}},"_links":{"self":[{"href":"https:\/\/www.anwaltspromot.de\/buecher\/wp-json\/wp\/v2\/pages\/123","targetHints":{"allow":["GET"]}}],"collection":[{"href":"https:\/\/www.anwaltspromot.de\/buecher\/wp-json\/wp\/v2\/pages"}],"about":[{"href":"https:\/\/www.anwaltspromot.de\/buecher\/wp-json\/wp\/v2\/types\/page"}],"author":[{"embeddable":true,"href":"https:\/\/www.anwaltspromot.de\/buecher\/wp-json\/wp\/v2\/users\/1"}],"replies":[{"embeddable":true,"href":"https:\/\/www.anwaltspromot.de\/buecher\/wp-json\/wp\/v2\/comments?post=123"}],"version-history":[{"count":30,"href":"https:\/\/www.anwaltspromot.de\/buecher\/wp-json\/wp\/v2\/pages\/123\/revisions"}],"predecessor-version":[{"id":305,"href":"https:\/\/www.anwaltspromot.de\/buecher\/wp-json\/wp\/v2\/pages\/123\/revisions\/305"}],"wp:attachment":[{"href":"https:\/\/www.anwaltspromot.de\/buecher\/wp-json\/wp\/v2\/media?parent=123"}],"curies":[{"name":"wp","href":"https:\/\/api.w.org\/{rel}","templated":true}]}}